{"id":3252,"date":"2024-12-25T10:02:39","date_gmt":"2024-12-25T09:02:39","guid":{"rendered":"https:\/\/interiors.nraatelier.me\/politika-privatnosti-i-obavjestenje-o-kolacicima\/"},"modified":"2025-02-08T20:49:25","modified_gmt":"2025-02-08T19:49:25","slug":"politika-privatnosti-i-obavjestenje-o-kolacicima","status":"publish","type":"page","link":"https:\/\/interiors.nraatelier.me\/me\/politika-privatnosti-i-obavjestenje-o-kolacicima\/","title":{"rendered":"Politika privatnosti i obavje\u0161tenje o kola\u010di\u0107ima"},"content":{"rendered":"\t\t<div data-elementor-type=\"wp-page\" data-elementor-id=\"3252\" class=\"elementor elementor-3252 elementor-2217\" data-elementor-post-type=\"page\">\n\t\t\t\t<div class=\"elementor-element elementor-element-a48b01d e-flex e-con-boxed e-con e-parent\" data-id=\"a48b01d\" data-element_type=\"container\" data-settings=\"{&quot;jet_parallax_layout_list&quot;:[]}\">\n\t\t\t\t\t<div class=\"e-con-inner\">\n\t\t\t\t<div class=\"elementor-element elementor-element-271db15 elementor-widget elementor-widget-text-editor\" data-id=\"271db15\" data-element_type=\"widget\" data-widget_type=\"text-editor.default\">\n\t\t\t\t<div class=\"elementor-widget-container\">\n\t\t\t\t\t\t\t<p>NRA Atelier, crnogorsko privredno dru\u0161tvo, sa sjedi\u0161tem u ulici Ilije Plamenca, zgrada Ventura, lamela A, stan 61, Podgorica, PIB 03118118, koje zastupa izvr\u0161ni direktor Nikola Radovi\u0107, dostupna na web adresi www.nraatelier.me, posve\u0107eno radi na pru\u017eanju visoko kvalitetne usluge. Ova Politika detaljno opisuje na\u0161u predanost u vezi sa upravljanjem Va\u0161im li\u010dnim podacima. NRA Atelier je odgovoran za za\u0161titu Va\u0161ih podataka i privatnosti, a ova Pravila o privatnosti i kola\u010di\u0107ima su u skladu sa Op\u0161tom uredbom o za\u0161titi podataka (GDPR). U okviru ovog obavje\u0161tenja mo\u017eete na\u0107i obja\u0161njenja u vezi sa tim kako koristimo Va\u0161e li\u010dne podatke prikupljene tokom kori\u0161\u0107enja web stranice ili putem e-po\u0161te.   <\/p>\n\t\t\t\t\t\t<\/div>\n\t\t\t\t<\/div>\n\t\t\t\t<div class=\"elementor-element elementor-element-859c7eb elementor-widget elementor-widget-heading\" data-id=\"859c7eb\" data-element_type=\"widget\" data-widget_type=\"heading.default\">\n\t\t\t\t<div class=\"elementor-widget-container\">\n\t\t\t<h2 class=\"elementor-heading-title elementor-size-default\">\u0160ta su li\u010dni podaci, koje podatke prikupljamo i za\u0161to?<\/h2>\t\t<\/div>\n\t\t\t\t<\/div>\n\t\t\t\t<div class=\"elementor-element elementor-element-cc9976f elementor-widget elementor-widget-text-editor\" data-id=\"cc9976f\" data-element_type=\"widget\" data-widget_type=\"text-editor.default\">\n\t\t\t\t<div class=\"elementor-widget-container\">\n\t\t\t\t\t\t\t<p>Li\u010dni podatak defini\u0161e se kao svaka informacija ili mi\u0161ljenje koje identifikuje pojedinca.<\/p>\n<p>Prikupljamo i skladi\u0161timo sljede\u0107e li\u010dne podatke:<\/p>\n<ul>\n<li>Ime i prezime (za fizi\u010dka lica);<\/li>\n<li>Naziv privrednog dru\u0161tva, poreski identifikacioni broj (PIB) i poreski broj na dodatnu vrijednost (PDV);<\/li>\n<li>Adresa (kako za fizi\u010dka lica \u2013 prilikom prijave za posao \u2013 tako i za pravna lica);<\/li>\n<li>E-mail adresa;<\/li>\n<li>Brojevi telefona;<\/li>\n<li>Istorija pregledanja web stranica (anonimno);<\/li>\n<li>Li\u010dne biografije i portfolio\/-a (samo od kandidata\/-tkinja za posao putem na\u0161e web stranice i e-po\u0161te).<\/li>\n<\/ul>\n<p>Uz Va\u0161u dozvolu, obradi\u0107emo gore navedene podatke samo ako ili kada budemo sara\u0111ivali, bilo na projektu ili na drugi na\u010din.<\/p>\n<p>Navedene podatke prikupljamo i skladi\u0161timo isklju\u010divo u interne svrhe, bez namjere sticanja komercijalne dobiti. Ne prodajemo i nikada ne\u0107emo prodavati, trgovati ili razmjenjivati \u200b\u200bVa\u0161e li\u010dne podatke za bilo kakvu nadoknadu, jer je to nepotrebno, a cijenimo Va\u0161e povjerenje i interes za na\u0161 rad. <\/p>\n<p>Interne svrhe u vezi sa kojim prikupljamo i skladi\u0161timo Va\u0161e podatke uklju\u010duju, i ograni\u010dene su na sljede\u0107e:<\/p>\n<ul>\n<li>olak\u0161anje komunikacije u vezi sa potencijalnom saradnjom;<\/li>\n<li>razmjena informacija o teku\u0107im ili budu\u0107im projektima;<\/li>\n<li>priprema preciznih finansijskih i tehni\u010dkih ponuda prilago\u0111enih Va\u0161im potrebama;<\/li>\n<li>informacije u vezi sa izlo\u017ebama, konkursima, pojavljivanjima na doga\u0111ajima i drugim oblicima poslovnog razvoja;<\/li>\n<li>obrada prijava za posao i \u010duvanje informacija o kandidatima\/-tkinjama;<\/li>\n<li>analiza metrike web stranice i dru\u0161tvenih mre\u017ea kako bismo procijenili na\u0161u online prisutnost i doseg.<\/li>\n<\/ul>\n<p>NRA Atelier je trenutno aktivan na Instagram-u, Facebook-u, LinkedIn-u i X-u. U pogledu dru\u0161tvenih mre\u017ea, planiramo uskoro pro\u0161iriti na\u0161u prisutnost i na druge platforme, kako bismo se bolje povezali sa ljudima koji su zainteresovani za na\u0161 rad, kao i sa klijentima.<\/p>\n<p>Kada se budemo pojavili na drugim socijalnim mre\u017eama, a\u017eurira\u0107emo na\u0161u Politiku privatnosti i Obavje\u0161tenje o kola\u010di\u0107ima. Za informacije o tome kako se na tim platformama postupa sa Va\u0161im li\u010dnim podacima, informi\u0161ite se o njihovim pravilima o privatnosti, odredbama i uslovima, i drugim pravnim dokumentima, ili se obratite njihovim predstavnicima. <\/p>\n\t\t\t\t\t\t<\/div>\n\t\t\t\t<\/div>\n\t\t\t\t<div class=\"elementor-element elementor-element-65028a1 elementor-widget elementor-widget-heading\" data-id=\"65028a1\" data-element_type=\"widget\" data-widget_type=\"heading.default\">\n\t\t\t\t<div class=\"elementor-widget-container\">\n\t\t\t<h2 class=\"elementor-heading-title elementor-size-default\">Kako prikupljamo i skladi\u0161timo Va\u0161e li\u010dne podatke?<\/h2>\t\t<\/div>\n\t\t\t\t<\/div>\n\t\t\t\t<div class=\"elementor-element elementor-element-14fd9df elementor-widget elementor-widget-text-editor\" data-id=\"14fd9df\" data-element_type=\"widget\" data-widget_type=\"text-editor.default\">\n\t\t\t\t<div class=\"elementor-widget-container\">\n\t\t\t\t\t\t\t<p>Svoje li\u010dne podatke dajete neposredno NRA Atelier-u putem e-po\u0161te, pregledanjem web stranice ili slanjem biografije\/portfolija tokom procesa zapo\u0161ljavanja. Ovi podaci se prikupljaju, skladi\u0161te i obra\u0111uju u skladu sa Op\u0161tom uredbom o za\u0161titi podataka (GDPR). Va\u0161e podatke sigurno \u010duvamo pet godina, nakon \u010dega se trajno bri\u0161u. Podaci se arhiviraju u vidu spiska i dijele samo sa ovla\u0161\u0107enim zaposlenim licima koji\/-e mogu kontaktirati navedene kompanije i\/ili pojedince.   <\/p>\n\t\t\t\t\t\t<\/div>\n\t\t\t\t<\/div>\n\t\t\t\t<div class=\"elementor-element elementor-element-bf25b40 elementor-widget elementor-widget-heading\" data-id=\"bf25b40\" data-element_type=\"widget\" data-widget_type=\"heading.default\">\n\t\t\t\t<div class=\"elementor-widget-container\">\n\t\t\t<h2 class=\"elementor-heading-title elementor-size-default\">Koja su Va\u0161a prava u pogledu za\u0161tite podataka?<\/h2>\t\t<\/div>\n\t\t\t\t<\/div>\n\t\t\t\t<div class=\"elementor-element elementor-element-b00beb3 elementor-widget elementor-widget-text-editor\" data-id=\"b00beb3\" data-element_type=\"widget\" data-widget_type=\"text-editor.default\">\n\t\t\t\t<div class=\"elementor-widget-container\">\n\t\t\t\t\t\t\t<p>Predstavnici NRA Atelier-a \u017eele biti sigurni da ste u potpunosti svjesni svih svojih prava u pogledu za\u0161tite podataka.<\/p>\n<p>Svaki korisnik ima pravo na sljede\u0107e:<\/p>\n<ul>\n<li>Pravo na pristup \u2013 imate pravo zatra\u017eiti kopije svojih li\u010dnih podataka.<\/li>\n<li>Pravo na ispravak \u2013 imate pravo tra\u017eiti ispravak bilo koje neta\u010dne informacije i dopunu nepotpune informacije.<\/li>\n<li>Pravo na brisanje \u2013 imate pravo zatra\u017eiti od NRA Atelier-a brisanje Va\u0161ih li\u010dnih podataka.<\/li>\n<li>Pravo na ograni\u010denje obrade \u2013 imate pravo od NRA Atelier-a zatra\u017eiti ograni\u010denje obrade Va\u0161ih li\u010dnih podataka.<\/li>\n<li>Pravo na prigovor na obradu \u2013 imate pravo da ulo\u017eite prigovor na obradu Va\u0161ih li\u010dnih podataka od strane NRA Atelier-a.<\/li>\n<li>Pravo na prenosivost podataka \u2013 imate pravo zatra\u017eiti prenos svojih podataka drugoj organizaciji ili sebi pod odre\u0111enim uslovima.<\/li>\n<\/ul>\n<p>NRA Atelier ima rok od mjesec dana da odgovori na sve Va\u0161e zahtjeve. Za ostvarivanje bilo kojeg od navedenih prava, kontaktirajte nas na <a href=\"mailto:office@nraatelier.me\">office@nraatelier.me<\/a>. <\/p>\n\t\t\t\t\t\t<\/div>\n\t\t\t\t<\/div>\n\t\t\t\t<div class=\"elementor-element elementor-element-88dda81 elementor-widget elementor-widget-heading\" data-id=\"88dda81\" data-element_type=\"widget\" data-widget_type=\"heading.default\">\n\t\t\t\t<div class=\"elementor-widget-container\">\n\t\t\t<h2 class=\"elementor-heading-title elementor-size-default\">Da li dijelimo Va\u0161e li\u010dne podatke sa tre\u0107im licima?<\/h2>\t\t<\/div>\n\t\t\t\t<\/div>\n\t\t\t\t<div class=\"elementor-element elementor-element-356c1c1 elementor-widget elementor-widget-text-editor\" data-id=\"356c1c1\" data-element_type=\"widget\" data-widget_type=\"text-editor.default\">\n\t\t\t\t<div class=\"elementor-widget-container\">\n\t\t\t\t\t\t\t<p>NRA Atelier praktikuje strogu politiku protiv prodaje, trgovine ili razmjene li\u010dnih podataka korisnika sa tre\u0107im licima, osim kada je rije\u010d o razmjeni predmetnih informacija sa programerima web stranica i ukoliko je razmjena takvih informacija predmet zahtjeva upu\u0107enog od strane nadle\u017enih institucija.<\/p>\n<p>Na\u0161a saradnja sa tre\u0107im licima regulisana je profesionalnim ugovorima koji predvi\u0111aju primjenu sigurnosnih mjera za sve korisni\u010dke podatke.<\/p>\n\t\t\t\t\t\t<\/div>\n\t\t\t\t<\/div>\n\t\t\t\t<div class=\"elementor-element elementor-element-b24c896 elementor-widget elementor-widget-heading\" data-id=\"b24c896\" data-element_type=\"widget\" data-widget_type=\"heading.default\">\n\t\t\t\t<div class=\"elementor-widget-container\">\n\t\t\t<h2 class=\"elementor-heading-title elementor-size-default\">Kako \u0161titimo Va\u0161e li\u010dne podatke?<\/h2>\t\t<\/div>\n\t\t\t\t<\/div>\n\t\t\t\t<div class=\"elementor-element elementor-element-4dddac2 elementor-widget elementor-widget-text-editor\" data-id=\"4dddac2\" data-element_type=\"widget\" data-widget_type=\"text-editor.default\">\n\t\t\t\t<div class=\"elementor-widget-container\">\n\t\t\t\t\t\t\t<p>U NRA Atelier-u, duboko smo predani za\u0161titi Va\u0161ih li\u010dnih podataka i primjenjujemo rigorozne mjere za spre\u010davanje zloupotrebe i gubitka istih. Tako\u0111e, nastojimo za\u0161tititi Va\u0161e podatke od neovla\u0161\u0107enog pristupa, otkrivanja i modifikacija. <\/p>\n\t\t\t\t\t\t<\/div>\n\t\t\t\t<\/div>\n\t\t\t\t<div class=\"elementor-element elementor-element-e072ecc elementor-widget elementor-widget-heading\" data-id=\"e072ecc\" data-element_type=\"widget\" data-widget_type=\"heading.default\">\n\t\t\t\t<div class=\"elementor-widget-container\">\n\t\t\t<h2 class=\"elementor-heading-title elementor-size-default\">\u0160ta su kola\u010di\u0107i, koju vrstu kola\u010di\u0107a koristimo i kako upravljati kola\u010di\u0107ima?<\/h2>\t\t<\/div>\n\t\t\t\t<\/div>\n\t\t\t\t<div class=\"elementor-element elementor-element-7fe04d7 elementor-widget elementor-widget-text-editor\" data-id=\"7fe04d7\" data-element_type=\"widget\" data-widget_type=\"text-editor.default\">\n\t\t\t\t<div class=\"elementor-widget-container\">\n\t\t\t\t\t\t\t<p>Na\u0161e web stranice koriste kola\u010di\u0107e, tekstualne datoteke koje skladi\u0161te standardne zapisnike sa interneta i podatke o pona\u0161anju posjetilaca.<\/p>\n<p>Tokom Va\u0161e posjete, mo\u017eemo automatski prikupljati podatke putem kola\u010di\u0107a ili sli\u010dnih tehnologija.<\/p>\n<p>Jedine vrste kola\u010di\u0107a koje na\u0161e web stranice koriste su funkcionalni i tehni\u010dki kola\u010di\u0107i za pobolj\u0161anje korisni\u010dkog iskustva i pristupa, dok istovremeno pru\u017eaju dragocjene uvide u preference korisnika, kao \u0161to su jezik, lokacija i sadr\u017eaj sa kojim su imali interakciju.<\/p>\n<p>Za upravljanje postavkama kola\u010di\u0107a, mo\u017eete konfigurisati svoj pretra\u017eiva\u010d da odbija kola\u010di\u0107e; me\u0111utim, to mo\u017ee ograni\u010diti funkcionalnost odre\u0111enih dijelova web stranica.<\/p>\n\t\t\t\t\t\t<\/div>\n\t\t\t\t<\/div>\n\t\t\t\t<div class=\"elementor-element elementor-element-3fdbb89 elementor-widget elementor-widget-heading\" data-id=\"3fdbb89\" data-element_type=\"widget\" data-widget_type=\"heading.default\">\n\t\t\t\t<div class=\"elementor-widget-container\">\n\t\t\t<h2 class=\"elementor-heading-title elementor-size-default\">Politika privatnosti drugih web stranica i promjene na\u0161e Politike privatnosti<\/h2>\t\t<\/div>\n\t\t\t\t<\/div>\n\t\t\t\t<div class=\"elementor-element elementor-element-886319d elementor-widget elementor-widget-text-editor\" data-id=\"886319d\" data-element_type=\"widget\" data-widget_type=\"text-editor.default\">\n\t\t\t\t<div class=\"elementor-widget-container\">\n\t\t\t\t\t\t\t<p>Na\u0161e web stranice mogu sadr\u017eati poveznice koje vode na druge web stranice; me\u0111utim, na\u0161a Politika privatnosti odnosi se isklju\u010divo na na\u0161e web stranice. Korisnici koji iskoriste eksterne linkove trebalo bi se upoznaju Politikom privatnosti tih web stranica. <\/p>\n<p>NRA Atelier redovno vr\u0161i uvid i a\u017eurira svoju Politiku privatnosti, objavljuju\u0107i izmjene na ovim web stranicama prema potrebi, kako bi iste bile u skladu sa va\u017ee\u0107im pravnim i regulatornim novinama, kao i promjenama u vezi sa na\u0161im uslugama i prisutnosti na internetu.<\/p>\n\t\t\t\t\t\t<\/div>\n\t\t\t\t<\/div>\n\t\t\t\t<div class=\"elementor-element elementor-element-fb7b4f4 elementor-widget elementor-widget-heading\" data-id=\"fb7b4f4\" data-element_type=\"widget\" data-widget_type=\"heading.default\">\n\t\t\t\t<div class=\"elementor-widget-container\">\n\t\t\t<h2 class=\"elementor-heading-title elementor-size-default\">Rje\u0161avanje prigovora<\/h2>\t\t<\/div>\n\t\t\t\t<\/div>\n\t\t\t\t<div class=\"elementor-element elementor-element-a2afc65 elementor-widget elementor-widget-text-editor\" data-id=\"a2afc65\" data-element_type=\"widget\" data-widget_type=\"text-editor.default\">\n\t\t\t\t<div class=\"elementor-widget-container\">\n\t\t\t\t\t\t\t<p>Za podno\u0161enje prigovora u vezi sa kori\u0161\u0107enjem Va\u0161ih li\u010dnih podataka, kontaktirajte nas na <a href=\"mailto:office@nraatelier.me\">office@nraatelier.me<\/a>.<\/p>\n<p>Prednost dajemo mirnom rje\u0161avanju sporova; me\u0111utim, ako se ne postigne konsenzus, svoju \u017ealbu mo\u017eete podnijeti Privrednom sudu u Podgorici, Crna Gora.<\/p>\n\t\t\t\t\t\t<\/div>\n\t\t\t\t<\/div>\n\t\t\t\t\t<\/div>\n\t\t\t\t<\/div>\n\t\t\t\t<\/div>\n\t\t","protected":false},"excerpt":{"rendered":"<p>NRA Atelier, crnogorsko privredno dru\u0161tvo, sa sjedi\u0161tem u ulici Ilije Plamenca, zgrada Ventura, lamela A, stan 61, Podgorica, PIB 03118118, koje zastupa izvr\u0161ni direktor Nikola Radovi\u0107, dostupna na web adresi www.nraatelier.me, posve\u0107eno radi na pru\u017eanju visoko kvalitetne usluge. Ova Politika detaljno opisuje na\u0161u predanost u vezi sa upravljanjem Va\u0161im li\u010dnim podacima. NRA Atelier je odgovoran [&hellip;]<\/p>\n","protected":false},"author":1,"featured_media":0,"parent":0,"menu_order":0,"comment_status":"closed","ping_status":"closed","template":"","meta":{"_seopress_robots_primary_cat":"","_seopress_titles_title":"","_seopress_titles_desc":"Cijenimo va\u0161u privatnost. Pro\u010ditajte na\u0161u Politiku privatnosti i obavje\u0161tenje o kola\u010di\u0107ima. ","_seopress_robots_index":"","footnotes":""},"class_list":["post-3252","page","type-page","status-publish","hentry"],"_links":{"self":[{"href":"https:\/\/interiors.nraatelier.me\/me\/wp-json\/wp\/v2\/pages\/3252","targetHints":{"allow":["GET"]}}],"collection":[{"href":"https:\/\/interiors.nraatelier.me\/me\/wp-json\/wp\/v2\/pages"}],"about":[{"href":"https:\/\/interiors.nraatelier.me\/me\/wp-json\/wp\/v2\/types\/page"}],"author":[{"embeddable":true,"href":"https:\/\/interiors.nraatelier.me\/me\/wp-json\/wp\/v2\/users\/1"}],"replies":[{"embeddable":true,"href":"https:\/\/interiors.nraatelier.me\/me\/wp-json\/wp\/v2\/comments?post=3252"}],"version-history":[{"count":1,"href":"https:\/\/interiors.nraatelier.me\/me\/wp-json\/wp\/v2\/pages\/3252\/revisions"}],"predecessor-version":[{"id":3253,"href":"https:\/\/interiors.nraatelier.me\/me\/wp-json\/wp\/v2\/pages\/3252\/revisions\/3253"}],"wp:attachment":[{"href":"https:\/\/interiors.nraatelier.me\/me\/wp-json\/wp\/v2\/media?parent=3252"}],"curies":[{"name":"wp","href":"https:\/\/api.w.org\/{rel}","templated":true}]}}