{"id":3209,"date":"2024-11-14T07:08:03","date_gmt":"2024-11-14T06:08:03","guid":{"rendered":"https:\/\/interiors.nraatelier.me\/o-nama\/"},"modified":"2025-02-05T21:50:18","modified_gmt":"2025-02-05T20:50:18","slug":"o-nama","status":"publish","type":"page","link":"https:\/\/interiors.nraatelier.me\/me\/o-nama\/","title":{"rendered":"O nama"},"content":{"rendered":"\t\t<div data-elementor-type=\"wp-page\" data-elementor-id=\"3209\" class=\"elementor elementor-3209 elementor-69\" data-elementor-post-type=\"page\">\n\t\t\t\t<div class=\"elementor-element elementor-element-832f4b7 e-con-full e-flex e-con e-parent\" data-id=\"832f4b7\" data-element_type=\"container\" data-settings=\"{&quot;background_background&quot;:&quot;classic&quot;,&quot;jet_parallax_layout_list&quot;:[]}\">\n\t\t\t\t<\/div>\n\t\t<div class=\"elementor-element elementor-element-7e73293 e-flex e-con-boxed e-con e-parent\" data-id=\"7e73293\" data-element_type=\"container\" data-settings=\"{&quot;jet_parallax_layout_list&quot;:[]}\">\n\t\t\t\t\t<div class=\"e-con-inner\">\n\t\t\t\t<div class=\"elementor-element elementor-element-8f156c4 elementor-widget elementor-widget-text-editor\" data-id=\"8f156c4\" data-element_type=\"widget\" data-widget_type=\"text-editor.default\">\n\t\t\t\t<div class=\"elementor-widget-container\">\n\t\t\t\t\t\t\t<p>NRA Atelier je multidisciplinarni arhitektonski studio osnovan 2016. godine od strane Nikole Radovi\u0107a i Sonje Mili\u0107evi\u0107.<br \/>Artikuli\u0161u\u0107i sveobuhvatnu viziju kompanije, osniva\u010dki duo je stvorio okru\u017eenje koje utjelovljuje koncept kreiranja imerzivnog iskustva.<br \/>Primjenom multidisciplinarne metodologije arhitektonskog projektovanja, u kombinaciji sa opse\u017enim kreativnim i tehni\u010dkim istra\u017eivanjem, kompanija u\u017eiva reputaciju specifi\u010dne grupacije koja kreira izuzetna, inovativna, promi\u0161ljena i zanimljiva arhitektonska rje\u0161enja.<br \/>Tokom kratke istorije od svega osam godina, NRA je uspje\u0161no postavio \u010dvrste temelje za ostvarenje svih prvobitno ustanovljenih ciljeva, koji su centralizovani oko fundamentalnog principa pozitivnog uticaja na dru\u0161tvo kao cjelinu.<br \/>Taj koncept, isprepleten sa individualnim stavovima o harmoni\u010dnom su\u017eivotu umjetnosti, kulture i prakti\u010dnog pristupa, transformisao je inicijalnu NRA filozofiju u skup principa koji (treba da) oblikuju interakcije ljudi sa njihovim okru\u017eenjem.<br \/>Iako prvobitno fundamentalno li\u010dnog karaktera, ovi stavovi su evoluirali u kolektivne smjernice na kojima se praksa zasniva i nastavlja da djeluje, a danas jo\u0161 rigoroznije i jasnije, prevazilaze\u0107i svoju originalnu osnovu.<br \/>Od osnivanja, NRA je bazirao svoje djelovanje na principu \u201eostavi svoj trag\u201c koji je predstavljao po\u010detni stav o djelovanju kompanije u okviru arhitektonske industrije. Ovaj moto i dalje predstavlja najta\u010dniju sumarizaciju NRA misije, proizvod zajedni\u010dkih vrijednosti i jednoglasnog dogovora o pravcu u kojem bi NRA trebalo razvijati kao koncept. <\/p>\n\t\t\t\t\t\t<\/div>\n\t\t\t\t<\/div>\n\t\t\t\t\t<\/div>\n\t\t\t\t<\/div>\n\t\t<div class=\"elementor-element elementor-element-dcb1532 e-con-full e-flex e-con e-parent\" data-id=\"dcb1532\" data-element_type=\"container\" data-settings=\"{&quot;jet_parallax_layout_list&quot;:[]}\">\n\t\t\t\t<div class=\"elementor-element elementor-element-8131030 elementor-widget elementor-widget-image\" data-id=\"8131030\" data-element_type=\"widget\" data-widget_type=\"image.default\">\n\t\t\t\t<div class=\"elementor-widget-container\">\n\t\t\t\t\t\t\t\t\t\t\t\t\t<img fetchpriority=\"high\" decoding=\"async\" width=\"1920\" height=\"1080\" src=\"https:\/\/interiors.nraatelier.me\/wp-content\/uploads\/about.jpeg\" class=\"attachment-full size-full wp-image-583\" alt=\"\" \/>\t\t\t\t\t\t\t\t\t\t\t\t\t<\/div>\n\t\t\t\t<\/div>\n\t\t\t\t<\/div>\n\t\t<div class=\"elementor-element elementor-element-a4b907d e-con-full e-flex e-con e-parent\" data-id=\"a4b907d\" data-element_type=\"container\" data-settings=\"{&quot;jet_parallax_layout_list&quot;:[]}\">\n\t\t<div class=\"elementor-element elementor-element-3e9d42f e-con-full e-flex e-con e-child\" data-id=\"3e9d42f\" data-element_type=\"container\" data-settings=\"{&quot;jet_parallax_layout_list&quot;:[]}\">\n\t\t\t\t<div class=\"elementor-element elementor-element-a481bfe elementor-widget elementor-widget-text-editor\" data-id=\"a481bfe\" data-element_type=\"widget\" data-widget_type=\"text-editor.default\">\n\t\t\t\t<div class=\"elementor-widget-container\">\n\t\t\t\t\t\t\t<p>Svakom projektu pristupamo sa jednakom revno\u0161\u0107u, istovremeno te\u017ee\u0107i ka izvrsnosti uz pridr\u017eavanje eti\u010dkih normi profesije i ideala principa odr\u017eivosti. Za nas je klju\u010dno da u potpunosti primijenimo kreativnost i do\u0111emo do rje\u0161enja koje se izdvaja, ostavlja utisak i izaziva (bilo kakav) sentiment. Istovremeno smo motivisani svojevrsnim \u201epank stavom\u201c, u smislu usvajanja druga\u010dije perspektive o umjetni\u010dkom izra\u017eaju, prema kojoj se arhitektura prvenstveno smatra umjetno\u0161\u0107u, ali opipljivom, \u017eivotnom, uklju\u010divom i upotrebljivom poput obi\u010dnog, pristupa\u010dnog predmeta. NRA prioritet daje integritetu kao nepokolebljivom temelju na\u0161eg esnafa. U cilju diferencijacije, prihvatamo nekonvencionalno razmi\u0161ljanje i vjerno uskla\u0111ujemo kolektivno djelovanje sa na\u0161im osnovnim vrijednostima. Ovaj pristup usmjerava na\u0161e organizacione napore i osigurava da dosljedno pru\u017eamo izvanredne rezultate.     <\/p>\n\t\t\t\t\t\t<\/div>\n\t\t\t\t<\/div>\n\t\t\t\t<div class=\"elementor-element elementor-element-17dbebe elementor-widget elementor-widget-text-editor\" data-id=\"17dbebe\" data-element_type=\"widget\" data-widget_type=\"text-editor.default\">\n\t\t\t\t<div class=\"elementor-widget-container\">\n\t\t\t\t\t\t\t<p>NRA, koncept koji se neprekidno razvija, predstavlja skup individualnih ideja, misli, uvjerenja i izra\u017eaja. Primarno, NRA akronim je predstavljao skra\u0107enicu za \u201eNikola Radovi\u0107 Architecture\u201c, a to zna\u010denje ima i danas. Me\u0111utim, tokom formativnih godina, razvili smo vi\u0161e zna\u010denja za svako slovo, te danas ovaj akronim podrazumijeva i \u201eNature-Reflecting Architecture\u201c, frazu koja najbolje opisuje na\u0161 stil, filozofiju i osnovna uvjerenja. Dok svijet brzo napreduje u pogledu razvoja novih tehnologija, zala\u017eemo se za trenutke refleksije i povratak osnovama ljudskog postojanja u harmoniji sa prirodom. Na\u0161a najve\u0107a aspiracija je da stvaramo izvanrednu arhitekturu koja je u skladu sa zakonima prirode, uz primjenu minimalne intervencije u prirodnoj sredini lokaliteta. Progresivno razmi\u0161ljanje i veseo dizajn sa da\u0161kom boje su fundamentalni principi koje ponosno isti\u010demo.     <\/p>\n\t\t\t\t\t\t<\/div>\n\t\t\t\t<\/div>\n\t\t\t\t<div class=\"elementor-element elementor-element-5205474 elementor-widget elementor-widget-heading\" data-id=\"5205474\" data-element_type=\"widget\" data-widget_type=\"heading.default\">\n\t\t\t\t<div class=\"elementor-widget-container\">\n\t\t\t<h2 class=\"elementor-heading-title elementor-size-default\">MI DIZAJNIRAMO PROSTORE KOJI PRI\u010cAJU PRI\u010cU<\/h2>\t\t<\/div>\n\t\t\t\t<\/div>\n\t\t\t\t<div class=\"elementor-element elementor-element-7cc1107 elementor-widget elementor-widget-heading\" data-id=\"7cc1107\" data-element_type=\"widget\" data-widget_type=\"heading.default\">\n\t\t\t\t<div class=\"elementor-widget-container\">\n\t\t\t<h3 class=\"elementor-heading-title elementor-size-default\">Unutra\u0161nji prostori su mjesta na kojima dozvoljavamo sebi da budemo ono \u0161to zaista jesmo.<\/h3>\t\t<\/div>\n\t\t\t\t<\/div>\n\t\t\t\t<div class=\"elementor-element elementor-element-4ba2460 elementor-widget elementor-widget-heading\" data-id=\"4ba2460\" data-element_type=\"widget\" data-widget_type=\"heading.default\">\n\t\t\t\t<div class=\"elementor-widget-container\">\n\t\t\t<h3 class=\"elementor-heading-title elementor-size-default\">Dizajn enterijera odra\u017eava ko smo i ko \u017eelimo postati.<\/h3>\t\t<\/div>\n\t\t\t\t<\/div>\n\t\t\t\t<\/div>\n\t\t<div class=\"elementor-element elementor-element-43fdd54 e-con-full e-flex e-con e-child\" data-id=\"43fdd54\" data-element_type=\"container\" data-settings=\"{&quot;jet_parallax_layout_list&quot;:[]}\">\n\t\t\t\t<div class=\"elementor-element elementor-element-44c4d38 elementor-widget elementor-widget-image\" data-id=\"44c4d38\" data-element_type=\"widget\" data-widget_type=\"image.default\">\n\t\t\t\t<div class=\"elementor-widget-container\">\n\t\t\t\t\t\t\t\t\t\t\t\t\t<img decoding=\"async\" width=\"1280\" height=\"1920\" src=\"https:\/\/interiors.nraatelier.me\/wp-content\/uploads\/NRA-Atelier-ofis-Podgorica-obradjeno-full-res-11.jpg\" class=\"attachment-large size-large wp-image-1791\" alt=\"\" \/>\t\t\t\t\t\t\t\t\t\t\t\t\t<\/div>\n\t\t\t\t<\/div>\n\t\t\t\t<\/div>\n\t\t\t\t<\/div>\n\t\t\t\t<\/div>\n\t\t","protected":false},"excerpt":{"rendered":"<p>NRA Atelier je multidisciplinarni arhitektonski studio osnovan 2016. godine od strane Nikole Radovi\u0107a i Sonje Mili\u0107evi\u0107.Artikuli\u0161u\u0107i sveobuhvatnu viziju kompanije, osniva\u010dki duo je stvorio okru\u017eenje koje utjelovljuje koncept kreiranja imerzivnog iskustva.Primjenom multidisciplinarne metodologije arhitektonskog projektovanja, u kombinaciji sa opse\u017enim kreativnim i tehni\u010dkim istra\u017eivanjem, kompanija u\u017eiva reputaciju specifi\u010dne grupacije koja kreira izuzetna, inovativna, promi\u0161ljena i zanimljiva arhitektonska [&hellip;]<\/p>\n","protected":false},"author":1,"featured_media":0,"parent":0,"menu_order":0,"comment_status":"closed","ping_status":"closed","template":"","meta":{"_seopress_robots_primary_cat":"","_seopress_titles_title":"O nama | interiors.nraatelier.me","_seopress_titles_desc":"NRA Atelier je multidisciplinarni arhitektonski studio osnovan 2016. godine od strane Nikole Radovi\u0107a i Sonje Mili\u0107evi\u0107.","_seopress_robots_index":"","footnotes":""},"class_list":["post-3209","page","type-page","status-publish","hentry"],"_links":{"self":[{"href":"https:\/\/interiors.nraatelier.me\/me\/wp-json\/wp\/v2\/pages\/3209","targetHints":{"allow":["GET"]}}],"collection":[{"href":"https:\/\/interiors.nraatelier.me\/me\/wp-json\/wp\/v2\/pages"}],"about":[{"href":"https:\/\/interiors.nraatelier.me\/me\/wp-json\/wp\/v2\/types\/page"}],"author":[{"embeddable":true,"href":"https:\/\/interiors.nraatelier.me\/me\/wp-json\/wp\/v2\/users\/1"}],"replies":[{"embeddable":true,"href":"https:\/\/interiors.nraatelier.me\/me\/wp-json\/wp\/v2\/comments?post=3209"}],"version-history":[{"count":1,"href":"https:\/\/interiors.nraatelier.me\/me\/wp-json\/wp\/v2\/pages\/3209\/revisions"}],"predecessor-version":[{"id":3210,"href":"https:\/\/interiors.nraatelier.me\/me\/wp-json\/wp\/v2\/pages\/3209\/revisions\/3210"}],"wp:attachment":[{"href":"https:\/\/interiors.nraatelier.me\/me\/wp-json\/wp\/v2\/media?parent=3209"}],"curies":[{"name":"wp","href":"https:\/\/api.w.org\/{rel}","templated":true}]}}